{"id":25,"date":"2023-09-12T04:26:50","date_gmt":"2023-09-12T04:26:50","guid":{"rendered":"https:\/\/rotadoenxaimel.tur.br\/?page_id=25"},"modified":"2023-09-12T05:00:18","modified_gmt":"2023-09-12T05:00:18","slug":"rota-da-linguica","status":"publish","type":"page","link":"https:\/\/rotadoenxaimel.tur.br\/?page_id=25","title":{"rendered":"Rota da Lingui\u00e7a"},"content":{"rendered":"<div class=\"wp-block-image\">\n<figure class=\"aligncenter size-full is-resized\"><img decoding=\"async\" loading=\"lazy\" src=\"https:\/\/rotadoenxaimel.tur.br\/wp-content\/uploads\/2023\/09\/original-60b94a92b7305.png\" alt=\"\" class=\"wp-image-26\" style=\"width:116px;height:106px\" width=\"116\" height=\"106\" srcset=\"https:\/\/rotadoenxaimel.tur.br\/wp-content\/uploads\/2023\/09\/original-60b94a92b7305.png 400w, https:\/\/rotadoenxaimel.tur.br\/wp-content\/uploads\/2023\/09\/original-60b94a92b7305-300x275.png 300w\" sizes=\"(max-width: 116px) 100vw, 116px\" \/><\/figure><\/div>\n\n\n<h2 class=\"wp-block-heading\">O que \u00e9 a Rota da Lingui\u00e7a?<\/h2>\n\n\n\n<p>A Rota da Lingui\u00e7a \u00e9 um movimento criado para divulgar as empresas dos segmentos de Gastronomia, Turismo e Lazer situadas nos munic\u00edpios do Vale Europeu, em Santa Catarina.<\/p>\n\n\n\n<h2 class=\"wp-block-heading\">Como Funciona<\/h2>\n\n\n\n<p>A Rota oferece para turistas e visitantes passeios pela regi\u00e3o com foco na experi\u00eancia dos visitantes com degusta\u00e7\u00f5es, viv\u00eancia da cultura desta regi\u00e3o, que foi colonizada por alem\u00e3es, italianos e poloneses. Fazem parte da Rota da Lingui\u00e7a:&nbsp;<br><br><strong>Blumenau, Pomerode, Indaial, Gaspar, Benedito Novo, Rodeio, Rio Dos Cedros, Timb\u00f3 e Lu\u00eds Alves<\/strong><\/p>\n","protected":false},"excerpt":{"rendered":"<p>O que \u00e9 a Rota da Lingui\u00e7a? A Rota da Lingui\u00e7a \u00e9 um movimento criado para divulgar as empresas dos segmentos de Gastronomia, Turismo e Lazer situadas nos munic\u00edpios do Vale Europeu, em Santa Catarina. Como Funciona A Rota oferece para turistas e visitantes passeios pela regi\u00e3o com foco na experi\u00eancia dos visitantes com degusta\u00e7\u00f5es, [&hellip;]<\/p>\n","protected":false},"author":1,"featured_media":0,"parent":33,"menu_order":0,"comment_status":"closed","ping_status":"closed","template":"","meta":{"om_disable_all_campaigns":false,"_monsterinsights_skip_tracking":false,"_monsterinsights_sitenote_active":false,"_monsterinsights_sitenote_note":"","_monsterinsights_sitenote_category":0,"footnotes":""},"aioseo_notices":[],"_links":{"self":[{"href":"https:\/\/rotadoenxaimel.tur.br\/index.php?rest_route=\/wp\/v2\/pages\/25"}],"collection":[{"href":"https:\/\/rotadoenxaimel.tur.br\/index.php?rest_route=\/wp\/v2\/pages"}],"about":[{"href":"https:\/\/rotadoenxaimel.tur.br\/index.php?rest_route=\/wp\/v2\/types\/page"}],"author":[{"embeddable":true,"href":"https:\/\/rotadoenxaimel.tur.br\/index.php?rest_route=\/wp\/v2\/users\/1"}],"replies":[{"embeddable":true,"href":"https:\/\/rotadoenxaimel.tur.br\/index.php?rest_route=%2Fwp%2Fv2%2Fcomments&post=25"}],"version-history":[{"count":5,"href":"https:\/\/rotadoenxaimel.tur.br\/index.php?rest_route=\/wp\/v2\/pages\/25\/revisions"}],"predecessor-version":[{"id":32,"href":"https:\/\/rotadoenxaimel.tur.br\/index.php?rest_route=\/wp\/v2\/pages\/25\/revisions\/32"}],"up":[{"embeddable":true,"href":"https:\/\/rotadoenxaimel.tur.br\/index.php?rest_route=\/wp\/v2\/pages\/33"}],"wp:attachment":[{"href":"https:\/\/rotadoenxaimel.tur.br\/index.php?rest_route=%2Fwp%2Fv2%2Fmedia&parent=25"}],"curies":[{"name":"wp","href":"https:\/\/api.w.org\/{rel}","templated":true}]}}