{"id":59,"date":"2023-09-12T05:43:31","date_gmt":"2023-09-12T05:43:31","guid":{"rendered":"https:\/\/rotadoenxaimel.tur.br\/?page_id=59"},"modified":"2023-09-12T05:43:31","modified_gmt":"2023-09-12T05:43:31","slug":"rota-do-enxaimel","status":"publish","type":"page","link":"https:\/\/rotadoenxaimel.tur.br\/","title":{"rendered":"Rota do Enxaimel"},"content":{"rendered":"\n<p>A Rota do Enxaimel representa a maior concentra\u00e7\u00e3o de casas constru\u00eddas no estilo Enxaimel fora da Europa, uma t\u00e9cnica trazida pelos imigrantes alem\u00e3es. Estende-se por cerca de 16 quil\u00f4metros e abriga aproximadamente 50 casas, todas elas protegidas como patrim\u00f4nio paisag\u00edstico pelo Instituto do Patrim\u00f4nio Hist\u00f3rico e Art\u00edstico Nacional (IPHAN). O m\u00e9todo Enxaimel se destaca pela aus\u00eancia de pregos ou parafusos, com todas as estruturas de madeira sendo unidas por encaixes precisos.<\/p>\n\n\n\n<p>Reconhecida pela ONU como uma das Melhores Vilas Tur\u00edsticas do mundo, esta regi\u00e3o se destaca n\u00e3o apenas por sua rica heran\u00e7a hist\u00f3rica e cultural, mas tamb\u00e9m por suas tradi\u00e7\u00f5es cuidadosamente preservadas e atra\u00e7\u00f5es tur\u00edsticas \u00fanicas.<\/p>\n\n\n\n<p>Aproveite a oportunidade para desfrutar das belas paisagens, explorar a forma de vida dos imigrantes, degustar pratos t\u00edpicos alem\u00e3es e adquirir produtos locais de alta qualidade. Al\u00e9m disso, voc\u00ea pode vivenciar a hist\u00f3ria em primeira m\u00e3o ao se hospedar em uma aut\u00eantica casa Enxaimel. <\/p>\n","protected":false},"excerpt":{"rendered":"<p>A Rota do Enxaimel representa a maior concentra\u00e7\u00e3o de casas constru\u00eddas no estilo Enxaimel fora da Europa, uma t\u00e9cnica trazida pelos imigrantes alem\u00e3es. Estende-se por cerca de 16 quil\u00f4metros e abriga aproximadamente 50 casas, todas elas protegidas como patrim\u00f4nio paisag\u00edstico pelo Instituto do Patrim\u00f4nio Hist\u00f3rico e Art\u00edstico Nacional (IPHAN). O m\u00e9todo Enxaimel se destaca pela [&hellip;]<\/p>\n","protected":false},"author":1,"featured_media":0,"parent":0,"menu_order":0,"comment_status":"closed","ping_status":"closed","template":"","meta":{"om_disable_all_campaigns":false,"_monsterinsights_skip_tracking":false,"_monsterinsights_sitenote_active":false,"_monsterinsights_sitenote_note":"","_monsterinsights_sitenote_category":0,"footnotes":""},"aioseo_notices":[],"_links":{"self":[{"href":"https:\/\/rotadoenxaimel.tur.br\/index.php?rest_route=\/wp\/v2\/pages\/59"}],"collection":[{"href":"https:\/\/rotadoenxaimel.tur.br\/index.php?rest_route=\/wp\/v2\/pages"}],"about":[{"href":"https:\/\/rotadoenxaimel.tur.br\/index.php?rest_route=\/wp\/v2\/types\/page"}],"author":[{"embeddable":true,"href":"https:\/\/rotadoenxaimel.tur.br\/index.php?rest_route=\/wp\/v2\/users\/1"}],"replies":[{"embeddable":true,"href":"https:\/\/rotadoenxaimel.tur.br\/index.php?rest_route=%2Fwp%2Fv2%2Fcomments&post=59"}],"version-history":[{"count":1,"href":"https:\/\/rotadoenxaimel.tur.br\/index.php?rest_route=\/wp\/v2\/pages\/59\/revisions"}],"predecessor-version":[{"id":60,"href":"https:\/\/rotadoenxaimel.tur.br\/index.php?rest_route=\/wp\/v2\/pages\/59\/revisions\/60"}],"wp:attachment":[{"href":"https:\/\/rotadoenxaimel.tur.br\/index.php?rest_route=%2Fwp%2Fv2%2Fmedia&parent=59"}],"curies":[{"name":"wp","href":"https:\/\/api.w.org\/{rel}","templated":true}]}}